{"id":89,"date":"2019-03-14T12:53:40","date_gmt":"2019-03-14T12:53:40","guid":{"rendered":"http:\/\/www.nemcinapreklady.cz\/?page_id=89"},"modified":"2019-09-04T16:04:11","modified_gmt":"2019-09-04T16:04:11","slug":"soudni-tlumoceni","status":"publish","type":"page","link":"https:\/\/www.nemcinapreklady.cz\/index.php\/soudni-tlumoceni\/","title":{"rendered":"Soudn\u00ed tlumo\u010den\u00ed"},"content":{"rendered":"<ul>\n<li>jedn\u00e1n\u00ed u soudu, na policii, na \u00fa\u0159adech, u not\u00e1\u0159e, svatby, valn\u00e9 hromady<\/li>\n<\/ul>\n","protected":false},"excerpt":{"rendered":"<p>jedn\u00e1n\u00ed u soudu, na policii, na \u00fa\u0159adech, u not\u00e1\u0159e, svatby, valn\u00e9 hromady<\/p>\n","protected":false},"author":1,"featured_media":0,"parent":0,"menu_order":0,"comment_status":"closed","ping_status":"closed","template":"","meta":[],"_links":{"self":[{"href":"https:\/\/www.nemcinapreklady.cz\/index.php\/wp-json\/wp\/v2\/pages\/89"}],"collection":[{"href":"https:\/\/www.nemcinapreklady.cz\/index.php\/wp-json\/wp\/v2\/pages"}],"about":[{"href":"https:\/\/www.nemcinapreklady.cz\/index.php\/wp-json\/wp\/v2\/types\/page"}],"author":[{"embeddable":true,"href":"https:\/\/www.nemcinapreklady.cz\/index.php\/wp-json\/wp\/v2\/users\/1"}],"replies":[{"embeddable":true,"href":"https:\/\/www.nemcinapreklady.cz\/index.php\/wp-json\/wp\/v2\/comments?post=89"}],"version-history":[{"count":2,"href":"https:\/\/www.nemcinapreklady.cz\/index.php\/wp-json\/wp\/v2\/pages\/89\/revisions"}],"predecessor-version":[{"id":163,"href":"https:\/\/www.nemcinapreklady.cz\/index.php\/wp-json\/wp\/v2\/pages\/89\/revisions\/163"}],"wp:attachment":[{"href":"https:\/\/www.nemcinapreklady.cz\/index.php\/wp-json\/wp\/v2\/media?parent=89"}],"curies":[{"name":"wp","href":"https:\/\/api.w.org\/{rel}","templated":true}]}}