{"id":86,"date":"2019-03-14T12:53:11","date_gmt":"2019-03-14T12:53:11","guid":{"rendered":"http:\/\/www.nemcinapreklady.cz\/?page_id=86"},"modified":"2019-09-04T16:03:52","modified_gmt":"2019-09-04T16:03:52","slug":"tlumoceni","status":"publish","type":"page","link":"https:\/\/www.nemcinapreklady.cz\/index.php\/tlumoceni\/","title":{"rendered":"Tlumo\u010den\u00ed"},"content":{"rendered":"<ul>\n<li>doprovodn\u00e9, konsekutivn\u00ed, simult\u00e1nn\u00ed tlumo\u010den\u00ed, nap\u0159.: obchodn\u00ed jedn\u00e1n\u00ed, \u0161kolen\u00ed, semin\u00e1\u0159e, workshopy, prezentace, konference, symp\u00f3zia, technick\u00e1 \u0161kolen\u00ed, porady, valn\u00e9 hromady<\/li>\n<\/ul>\n","protected":false},"excerpt":{"rendered":"<p>doprovodn\u00e9, konsekutivn\u00ed, simult\u00e1nn\u00ed tlumo\u010den\u00ed, nap\u0159.: obchodn\u00ed jedn\u00e1n\u00ed, \u0161kolen\u00ed, semin\u00e1\u0159e, workshopy, prezentace, konference, symp\u00f3zia, technick\u00e1 \u0161kolen\u00ed, porady, valn\u00e9 hromady<\/p>\n","protected":false},"author":1,"featured_media":0,"parent":0,"menu_order":0,"comment_status":"closed","ping_status":"closed","template":"","meta":[],"_links":{"self":[{"href":"https:\/\/www.nemcinapreklady.cz\/index.php\/wp-json\/wp\/v2\/pages\/86"}],"collection":[{"href":"https:\/\/www.nemcinapreklady.cz\/index.php\/wp-json\/wp\/v2\/pages"}],"about":[{"href":"https:\/\/www.nemcinapreklady.cz\/index.php\/wp-json\/wp\/v2\/types\/page"}],"author":[{"embeddable":true,"href":"https:\/\/www.nemcinapreklady.cz\/index.php\/wp-json\/wp\/v2\/users\/1"}],"replies":[{"embeddable":true,"href":"https:\/\/www.nemcinapreklady.cz\/index.php\/wp-json\/wp\/v2\/comments?post=86"}],"version-history":[{"count":6,"href":"https:\/\/www.nemcinapreklady.cz\/index.php\/wp-json\/wp\/v2\/pages\/86\/revisions"}],"predecessor-version":[{"id":162,"href":"https:\/\/www.nemcinapreklady.cz\/index.php\/wp-json\/wp\/v2\/pages\/86\/revisions\/162"}],"wp:attachment":[{"href":"https:\/\/www.nemcinapreklady.cz\/index.php\/wp-json\/wp\/v2\/media?parent=86"}],"curies":[{"name":"wp","href":"https:\/\/api.w.org\/{rel}","templated":true}]}}