{"id":83,"date":"2019-03-14T12:52:39","date_gmt":"2019-03-14T12:52:39","guid":{"rendered":"http:\/\/www.nemcinapreklady.cz\/?page_id=83"},"modified":"2019-09-04T16:03:20","modified_gmt":"2019-09-04T16:03:20","slug":"soudni-preklady","status":"publish","type":"page","link":"https:\/\/www.nemcinapreklady.cz\/index.php\/soudni-preklady\/","title":{"rendered":"Soudn\u00ed p\u0159eklady"},"content":{"rendered":"<ul>\n<li>pro pot\u0159eby \u00fa\u0159ad\u016f, pro soudy a statut\u00e1rn\u00ed org\u00e1ny, nap\u0159.: zakl\u00e1dac\u00ed listiny, spole\u010densk\u00e9 smlouvy, pr\u00e1vn\u00ed dokumentace, not\u00e1\u0159sk\u00e9 z\u00e1pisy, osobn\u00ed listiny, vysv\u011bd\u010den\u00ed, osv\u011bd\u010den\u00ed apod., firemn\u00ed dokumentace, soudn\u00ed listiny, spisy<\/li>\n<\/ul>\n","protected":false},"excerpt":{"rendered":"<p>pro pot\u0159eby \u00fa\u0159ad\u016f, pro soudy a statut\u00e1rn\u00ed org\u00e1ny, nap\u0159.: zakl\u00e1dac\u00ed listiny, spole\u010densk\u00e9 smlouvy, pr\u00e1vn\u00ed dokumentace, not\u00e1\u0159sk\u00e9 z\u00e1pisy, osobn\u00ed listiny, vysv\u011bd\u010den\u00ed, osv\u011bd\u010den\u00ed apod., firemn\u00ed dokumentace, soudn\u00ed listiny, spisy<\/p>\n","protected":false},"author":1,"featured_media":0,"parent":0,"menu_order":0,"comment_status":"closed","ping_status":"closed","template":"","meta":[],"_links":{"self":[{"href":"https:\/\/www.nemcinapreklady.cz\/index.php\/wp-json\/wp\/v2\/pages\/83"}],"collection":[{"href":"https:\/\/www.nemcinapreklady.cz\/index.php\/wp-json\/wp\/v2\/pages"}],"about":[{"href":"https:\/\/www.nemcinapreklady.cz\/index.php\/wp-json\/wp\/v2\/types\/page"}],"author":[{"embeddable":true,"href":"https:\/\/www.nemcinapreklady.cz\/index.php\/wp-json\/wp\/v2\/users\/1"}],"replies":[{"embeddable":true,"href":"https:\/\/www.nemcinapreklady.cz\/index.php\/wp-json\/wp\/v2\/comments?post=83"}],"version-history":[{"count":6,"href":"https:\/\/www.nemcinapreklady.cz\/index.php\/wp-json\/wp\/v2\/pages\/83\/revisions"}],"predecessor-version":[{"id":161,"href":"https:\/\/www.nemcinapreklady.cz\/index.php\/wp-json\/wp\/v2\/pages\/83\/revisions\/161"}],"wp:attachment":[{"href":"https:\/\/www.nemcinapreklady.cz\/index.php\/wp-json\/wp\/v2\/media?parent=83"}],"curies":[{"name":"wp","href":"https:\/\/api.w.org\/{rel}","templated":true}]}}