{"id":72,"date":"2019-03-14T12:44:28","date_gmt":"2019-03-14T12:44:28","guid":{"rendered":"http:\/\/www.nemcinapreklady.cz\/?page_id=72"},"modified":"2019-09-04T16:10:44","modified_gmt":"2019-09-04T16:10:44","slug":"ostatni","status":"publish","type":"page","link":"https:\/\/www.nemcinapreklady.cz\/index.php\/ostatni\/","title":{"rendered":"OSTATN\u00cd"},"content":{"rendered":"<ul>\n<li>zdravotnick\u00e9 prost\u0159edky, bezpe\u010dnost pr\u00e1ce, syst\u00e9my \u0159\u00edzen\u00ed kvality, certifikace, v\u00fdb\u011brov\u00e1 \u0159\u00edzen\u00ed a dal\u0161\u00ed\u2026<\/li>\n<\/ul>\n","protected":false},"excerpt":{"rendered":"<p>zdravotnick\u00e9 prost\u0159edky, bezpe\u010dnost pr\u00e1ce, syst\u00e9my \u0159\u00edzen\u00ed kvality, certifikace, v\u00fdb\u011brov\u00e1 \u0159\u00edzen\u00ed a dal\u0161\u00ed\u2026<\/p>\n","protected":false},"author":1,"featured_media":0,"parent":0,"menu_order":0,"comment_status":"closed","ping_status":"closed","template":"","meta":[],"_links":{"self":[{"href":"https:\/\/www.nemcinapreklady.cz\/index.php\/wp-json\/wp\/v2\/pages\/72"}],"collection":[{"href":"https:\/\/www.nemcinapreklady.cz\/index.php\/wp-json\/wp\/v2\/pages"}],"about":[{"href":"https:\/\/www.nemcinapreklady.cz\/index.php\/wp-json\/wp\/v2\/types\/page"}],"author":[{"embeddable":true,"href":"https:\/\/www.nemcinapreklady.cz\/index.php\/wp-json\/wp\/v2\/users\/1"}],"replies":[{"embeddable":true,"href":"https:\/\/www.nemcinapreklady.cz\/index.php\/wp-json\/wp\/v2\/comments?post=72"}],"version-history":[{"count":6,"href":"https:\/\/www.nemcinapreklady.cz\/index.php\/wp-json\/wp\/v2\/pages\/72\/revisions"}],"predecessor-version":[{"id":165,"href":"https:\/\/www.nemcinapreklady.cz\/index.php\/wp-json\/wp\/v2\/pages\/72\/revisions\/165"}],"wp:attachment":[{"href":"https:\/\/www.nemcinapreklady.cz\/index.php\/wp-json\/wp\/v2\/media?parent=72"}],"curies":[{"name":"wp","href":"https:\/\/api.w.org\/{rel}","templated":true}]}}