{"id":69,"date":"2019-03-14T12:43:25","date_gmt":"2019-03-14T12:43:25","guid":{"rendered":"http:\/\/www.nemcinapreklady.cz\/?page_id=69"},"modified":"2019-09-04T15:59:44","modified_gmt":"2019-09-04T15:59:44","slug":"pravo-a-ekonomie","status":"publish","type":"page","link":"https:\/\/www.nemcinapreklady.cz\/index.php\/pravo-a-ekonomie\/","title":{"rendered":"PR\u00c1VO A EKONOMIE"},"content":{"rendered":"<p>pr\u00e1vo soukrom\u00e9 a ve\u0159ejn\u00e9, pr\u00e1vo obchodn\u00edch spole\u010dnost\u00ed, obchod, da\u0148ov\u00e9 poradenstv\u00ed, ekonomika, bankovnictv\u00ed, konkurzn\u00ed \u0159\u00edzen\u00ed<\/p>\n","protected":false},"excerpt":{"rendered":"<p>pr\u00e1vo soukrom\u00e9 a ve\u0159ejn\u00e9, pr\u00e1vo obchodn\u00edch spole\u010dnost\u00ed, obchod, da\u0148ov\u00e9 poradenstv\u00ed, ekonomika, bankovnictv\u00ed, konkurzn\u00ed \u0159\u00edzen\u00ed <\/p>\n","protected":false},"author":1,"featured_media":0,"parent":0,"menu_order":0,"comment_status":"closed","ping_status":"closed","template":"","meta":[],"_links":{"self":[{"href":"https:\/\/www.nemcinapreklady.cz\/index.php\/wp-json\/wp\/v2\/pages\/69"}],"collection":[{"href":"https:\/\/www.nemcinapreklady.cz\/index.php\/wp-json\/wp\/v2\/pages"}],"about":[{"href":"https:\/\/www.nemcinapreklady.cz\/index.php\/wp-json\/wp\/v2\/types\/page"}],"author":[{"embeddable":true,"href":"https:\/\/www.nemcinapreklady.cz\/index.php\/wp-json\/wp\/v2\/users\/1"}],"replies":[{"embeddable":true,"href":"https:\/\/www.nemcinapreklady.cz\/index.php\/wp-json\/wp\/v2\/comments?post=69"}],"version-history":[{"count":4,"href":"https:\/\/www.nemcinapreklady.cz\/index.php\/wp-json\/wp\/v2\/pages\/69\/revisions"}],"predecessor-version":[{"id":155,"href":"https:\/\/www.nemcinapreklady.cz\/index.php\/wp-json\/wp\/v2\/pages\/69\/revisions\/155"}],"wp:attachment":[{"href":"https:\/\/www.nemcinapreklady.cz\/index.php\/wp-json\/wp\/v2\/media?parent=69"}],"curies":[{"name":"wp","href":"https:\/\/api.w.org\/{rel}","templated":true}]}}