{"id":65,"date":"2019-03-14T12:42:06","date_gmt":"2019-03-14T12:42:06","guid":{"rendered":"http:\/\/www.nemcinapreklady.cz\/?page_id=65"},"modified":"2019-09-04T15:59:21","modified_gmt":"2019-09-04T15:59:21","slug":"technika-a-technologie","status":"publish","type":"page","link":"https:\/\/www.nemcinapreklady.cz\/index.php\/technika-a-technologie\/","title":{"rendered":"TECHNIKA A TECHNOLOGIE"},"content":{"rendered":"<ul>\n<li>pr\u016fmyslov\u00e1 za\u0159\u00edzen\u00ed, stroje a pr\u016fmyslov\u00e9 technologie, automotive, stroj\u00edrenstv\u00ed, stavebnictv\u00ed, chemie, povrchov\u00e9 \u00fapravy, energetika, hornictv\u00ed<\/li>\n<\/ul>\n","protected":false},"excerpt":{"rendered":"<p>pr\u016fmyslov\u00e1 za\u0159\u00edzen\u00ed, stroje a pr\u016fmyslov\u00e9 technologie, automotive, stroj\u00edrenstv\u00ed, stavebnictv\u00ed, chemie, povrchov\u00e9 \u00fapravy, energetika, hornictv\u00ed<\/p>\n","protected":false},"author":1,"featured_media":0,"parent":0,"menu_order":0,"comment_status":"closed","ping_status":"closed","template":"","meta":[],"_links":{"self":[{"href":"https:\/\/www.nemcinapreklady.cz\/index.php\/wp-json\/wp\/v2\/pages\/65"}],"collection":[{"href":"https:\/\/www.nemcinapreklady.cz\/index.php\/wp-json\/wp\/v2\/pages"}],"about":[{"href":"https:\/\/www.nemcinapreklady.cz\/index.php\/wp-json\/wp\/v2\/types\/page"}],"author":[{"embeddable":true,"href":"https:\/\/www.nemcinapreklady.cz\/index.php\/wp-json\/wp\/v2\/users\/1"}],"replies":[{"embeddable":true,"href":"https:\/\/www.nemcinapreklady.cz\/index.php\/wp-json\/wp\/v2\/comments?post=65"}],"version-history":[{"count":2,"href":"https:\/\/www.nemcinapreklady.cz\/index.php\/wp-json\/wp\/v2\/pages\/65\/revisions"}],"predecessor-version":[{"id":156,"href":"https:\/\/www.nemcinapreklady.cz\/index.php\/wp-json\/wp\/v2\/pages\/65\/revisions\/156"}],"wp:attachment":[{"href":"https:\/\/www.nemcinapreklady.cz\/index.php\/wp-json\/wp\/v2\/media?parent=65"}],"curies":[{"name":"wp","href":"https:\/\/api.w.org\/{rel}","templated":true}]}}