{"id":51,"date":"2019-03-14T12:14:25","date_gmt":"2019-03-14T12:14:25","guid":{"rendered":"http:\/\/www.nemcinapreklady.cz\/?page_id=51"},"modified":"2019-09-04T16:00:34","modified_gmt":"2019-09-04T16:00:34","slug":"zivotni-prostredi","status":"publish","type":"page","link":"https:\/\/www.nemcinapreklady.cz\/index.php\/zivotni-prostredi\/","title":{"rendered":"\u017dIVOTN\u00cd PROST\u0158ED\u00cd"},"content":{"rendered":"<ul>\n<li>ekologie, odpadov\u00e9 hospod\u00e1\u0159stv\u00ed, \u010di\u0161t\u011bn\u00ed odpadn\u00edch vod<\/li>\n<\/ul>\n","protected":false},"excerpt":{"rendered":"<p>ekologie, odpadov\u00e9 hospod\u00e1\u0159stv\u00ed, \u010di\u0161t\u011bn\u00ed odpadn\u00edch vod<\/p>\n","protected":false},"author":1,"featured_media":0,"parent":0,"menu_order":0,"comment_status":"closed","ping_status":"closed","template":"","meta":[],"_links":{"self":[{"href":"https:\/\/www.nemcinapreklady.cz\/index.php\/wp-json\/wp\/v2\/pages\/51"}],"collection":[{"href":"https:\/\/www.nemcinapreklady.cz\/index.php\/wp-json\/wp\/v2\/pages"}],"about":[{"href":"https:\/\/www.nemcinapreklady.cz\/index.php\/wp-json\/wp\/v2\/types\/page"}],"author":[{"embeddable":true,"href":"https:\/\/www.nemcinapreklady.cz\/index.php\/wp-json\/wp\/v2\/users\/1"}],"replies":[{"embeddable":true,"href":"https:\/\/www.nemcinapreklady.cz\/index.php\/wp-json\/wp\/v2\/comments?post=51"}],"version-history":[{"count":4,"href":"https:\/\/www.nemcinapreklady.cz\/index.php\/wp-json\/wp\/v2\/pages\/51\/revisions"}],"predecessor-version":[{"id":157,"href":"https:\/\/www.nemcinapreklady.cz\/index.php\/wp-json\/wp\/v2\/pages\/51\/revisions\/157"}],"wp:attachment":[{"href":"https:\/\/www.nemcinapreklady.cz\/index.php\/wp-json\/wp\/v2\/media?parent=51"}],"curies":[{"name":"wp","href":"https:\/\/api.w.org\/{rel}","templated":true}]}}