{"id":36,"date":"2019-03-05T10:21:26","date_gmt":"2019-03-05T10:21:26","guid":{"rendered":"http:\/\/www.nemcinapreklady.cz\/?page_id=36"},"modified":"2019-03-05T10:21:26","modified_gmt":"2019-03-05T10:21:26","slug":"uvodni-stranka","status":"publish","type":"page","link":"https:\/\/www.nemcinapreklady.cz\/","title":{"rendered":"\u00davodn\u00ed str\u00e1nka"},"content":{"rendered":"<p>Text na \u00favodn\u00ed str\u00e1nce<\/p>\n<p>dal\u0161\u00ed \u0159\u00e1dek<\/p>\n<p>&nbsp;<\/p>\n","protected":false},"excerpt":{"rendered":"<p>Text na \u00favodn\u00ed str\u00e1nce dal\u0161\u00ed \u0159\u00e1dek &nbsp;<\/p>\n","protected":false},"author":1,"featured_media":0,"parent":0,"menu_order":0,"comment_status":"closed","ping_status":"closed","template":"templates\/home-template.php","meta":[],"_links":{"self":[{"href":"https:\/\/www.nemcinapreklady.cz\/index.php\/wp-json\/wp\/v2\/pages\/36"}],"collection":[{"href":"https:\/\/www.nemcinapreklady.cz\/index.php\/wp-json\/wp\/v2\/pages"}],"about":[{"href":"https:\/\/www.nemcinapreklady.cz\/index.php\/wp-json\/wp\/v2\/types\/page"}],"author":[{"embeddable":true,"href":"https:\/\/www.nemcinapreklady.cz\/index.php\/wp-json\/wp\/v2\/users\/1"}],"replies":[{"embeddable":true,"href":"https:\/\/www.nemcinapreklady.cz\/index.php\/wp-json\/wp\/v2\/comments?post=36"}],"version-history":[{"count":1,"href":"https:\/\/www.nemcinapreklady.cz\/index.php\/wp-json\/wp\/v2\/pages\/36\/revisions"}],"predecessor-version":[{"id":38,"href":"https:\/\/www.nemcinapreklady.cz\/index.php\/wp-json\/wp\/v2\/pages\/36\/revisions\/38"}],"wp:attachment":[{"href":"https:\/\/www.nemcinapreklady.cz\/index.php\/wp-json\/wp\/v2\/media?parent=36"}],"curies":[{"name":"wp","href":"https:\/\/api.w.org\/{rel}","templated":true}]}}